{"id":838,"date":"2023-10-31T15:09:50","date_gmt":"2023-10-31T14:09:50","guid":{"rendered":"http:\/\/legacyinternational.rs\/history\/"},"modified":"2024-03-05T16:45:33","modified_gmt":"2024-03-05T15:45:33","slug":"istorija","status":"publish","type":"page","link":"https:\/\/legacyinternational.rs\/sr\/istorija\/","title":{"rendered":"Istorija"},"content":{"rendered":"","protected":false},"excerpt":{"rendered":"","protected":false},"author":2,"featured_media":1065,"parent":0,"menu_order":0,"comment_status":"closed","ping_status":"closed","template":"page-for-history.php","meta":{"_acf_changed":false,"_seopress_robots_primary_cat":"","_seopress_titles_title":"","_seopress_titles_desc":"Legacy International je nagra\u0111ivana kompanija sa internacionalnim iskustvom u organizaciji sportskih doga\u0111aja i pru\u017eanju konsultanskih usluga, koju vode sportski enztuzijasti i biznis eksperti. Ali, mi jesmo ili se trudimo da budemo mnogo vi\u0161e od toga.","_seopress_robots_index":"","footnotes":""},"class_list":["post-838","page","type-page","status-publish","has-post-thumbnail","hentry"],"acf":[],"_links":{"self":[{"href":"https:\/\/legacyinternational.rs\/sr\/wp-json\/wp\/v2\/pages\/838","targetHints":{"allow":["GET"]}}],"collection":[{"href":"https:\/\/legacyinternational.rs\/sr\/wp-json\/wp\/v2\/pages"}],"about":[{"href":"https:\/\/legacyinternational.rs\/sr\/wp-json\/wp\/v2\/types\/page"}],"author":[{"embeddable":true,"href":"https:\/\/legacyinternational.rs\/sr\/wp-json\/wp\/v2\/users\/2"}],"replies":[{"embeddable":true,"href":"https:\/\/legacyinternational.rs\/sr\/wp-json\/wp\/v2\/comments?post=838"}],"version-history":[{"count":16,"href":"https:\/\/legacyinternational.rs\/sr\/wp-json\/wp\/v2\/pages\/838\/revisions"}],"predecessor-version":[{"id":1660,"href":"https:\/\/legacyinternational.rs\/sr\/wp-json\/wp\/v2\/pages\/838\/revisions\/1660"}],"wp:featuredmedia":[{"embeddable":true,"href":"https:\/\/legacyinternational.rs\/sr\/wp-json\/wp\/v2\/media\/1065"}],"wp:attachment":[{"href":"https:\/\/legacyinternational.rs\/sr\/wp-json\/wp\/v2\/media?parent=838"}],"curies":[{"name":"wp","href":"https:\/\/api.w.org\/{rel}","templated":true}]}}